{"id":23562,"date":"2020-10-20T00:27:11","date_gmt":"2020-10-20T00:27:11","guid":{"rendered":"https:\/\/www.hotelfarol.pt\/pt\/hola-aveiro\/"},"modified":"2023-03-07T17:32:25","modified_gmt":"2023-03-07T17:32:25","slug":"hola-aveiro","status":"publish","type":"page","link":"https:\/\/www.hotelfarol.pt\/pt\/hola-aveiro\/?lang=es","title":{"rendered":"\u00a1Hola Aveiro!"},"content":{"rendered":"\t\t<div data-elementor-type=\"wp-page\" data-elementor-id=\"23562\" class=\"elementor elementor-23562 elementor-17172\">\n\t\t\t\t\t\t<section class=\"elementor-section elementor-top-section elementor-element elementor-element-64f16630 elementor-section-boxed elementor-section-height-default elementor-section-height-default\" data-id=\"64f16630\" data-element_type=\"section\">\n\t\t\t\t\t\t<div class=\"elementor-container elementor-column-gap-default\">\n\t\t\t\t\t<div class=\"elementor-column elementor-col-100 elementor-top-column elementor-element elementor-element-2ebd8bde\" data-id=\"2ebd8bde\" data-element_type=\"column\">\n\t\t\t<div class=\"elementor-widget-wrap elementor-element-populated\">\n\t\t\t\t\t\t<div class=\"elementor-element elementor-element-54403647 elementor-widget elementor-widget-text-editor\" data-id=\"54403647\" data-element_type=\"widget\" data-widget_type=\"text-editor.default\">\n\t\t\t\t<div class=\"elementor-widget-container\">\n\t\t\t\t\t\t\t\t\t\n<h2>Ofertas especiales<\/h2>\n<p>Dise\u00f1ado para usted<\/p>\n<h3>Escapada de fin de semana a Nueva York<\/h3>\n<p>Haga sus propias reglas de fin de semana con nuestra exclusiva Escapada de fin de semana a Nueva York, con hasta un 20% de ahorro cuando su estancia incluye un fin de semana.<\/p>\n<p>Destacan:<\/p>\n<ul>\n<li>Hasta un 20% de ahorro<\/li>\n<li>Alojamientos de lujo en Midtown Manhattan<\/li>\n<li>2 noches o m\u00e1s<\/li>\n<\/ul>\n<h6><a title=\"Leer m\u00e1s \u2192\" href=\"#\" target=\"_self\" rel=\"noopener noreferrer\">  M\u00e1s informaci\u00f3n \u2192  <\/a><\/h6>\n<h3>Suite Escapadas<\/h3>\n<p>Situado en lo alto del horizonte en el coraz\u00f3n de Midtown Manhattan, disfrute de unas vistas panor\u00e1micas de la ciudad y hasta un 20% de descuento en nuestra Mejor Tarifa Disponible, junto con la condici\u00f3n de Miembro Residente de Rarities, nuestro \u00edntimo sal\u00f3n de 25 plazas.<\/p>\n<ul>\n<li>Alojamientos de lujo en Midtown Manhattan<\/li>\n<li>Miembro residente de Rarities<\/li>\n<li>Desayuno especial<\/li>\n<\/ul>\n<h6><a title=\"Leer m\u00e1s \u2192\" href=\"#\" target=\"_self\" rel=\"noopener noreferrer\">  Leer m\u00e1s \u2192  <\/a><\/h6>\n<h2>Todas las ofertas<\/h2>\n<p>Consulte todas nuestras ofertas a continuaci\u00f3n<\/p>\n<p>Celebraci\u00f3n Cinco Estrellas<\/p>\n<p>Aproveche el lujo de m\u00e1s. Durante un tiempo limitado, disfrute de un cr\u00e9dito de hotel de 100 $ de cortes\u00eda al reservar su estancia en el Baccarat Hotel New York.<\/p>\n<h6>El paquete incluye:<\/h6>\n<ul>\n<li>Alojamiento de lujo<\/li>\n<li>100 $ de cr\u00e9dito en hoteles<\/li>\n<li>WiFi gratuito durante toda la estancia<\/li>\n<\/ul>\n<h6>C\u00f3digo promocional: S4B<\/h6>\n<p>Un c\u00f3digo promocional es la abreviatura de tres caracteres de la tarifa especial que ha seleccionado. Cada promoci\u00f3n u oferta tiene un c\u00f3digo \u00fanico asociado.<\/p>\n<p>Independientemente de c\u00f3mo vaya a pasar su viaje, empiece cada d\u00eda con una buena comida para arrancar la ma\u00f1ana. Disfrute de un desayuno para dos, a cuenta nuestra, por cada d\u00eda de estancia.<\/p>\n<h6>Reservas:<\/h6>\n<p>Aseg\u00farese de que aparezca el c\u00f3digo promocional S4B en la casilla Corporate\/Promotional code (C\u00f3digo corporativo\/promocional) al hacer su reserva en l\u00ednea, o llame al 1-800-228-9290 en EE.UU. y pregunte por el c\u00f3digo promocional S4B. Para n\u00fameros gratuitos fuera de EE.UU., haga clic aqu\u00ed.<\/p>\n<h6>T\u00e9rminos y condiciones:<\/h6>\n<p>V\u00e1lido los siete d\u00edas de la semana hasta el 31\/12\/18. Incluye desayuno en el restaurante del hotel para un m\u00e1ximo de dos adultos y ni\u00f1os menores de 12 a\u00f1os alojados en la misma habitaci\u00f3n. Si ha realizado un pago por adelantado, nos quedaremos con la totalidad o parte del mismo. En caso contrario, efectuaremos el cargo en su tarjeta de cr\u00e9dito. Esta tasa equivale a una noche del precio de la habitaci\u00f3n (para la primera noche de su reserva). El n\u00famero de habitaciones disponibles para esta promoci\u00f3n es limitado. El impuesto es adicional. Oferta no aplicable a grupos de 10 o m\u00e1s habitaciones. Oferta no acumulable a otras promociones. Pueden aplicarse fechas restringidas. Es necesario reservar con antelaci\u00f3n. Se aplican otras restricciones. Las tarifas son por habitaci\u00f3n y noche y se basan en la disponibilidad en el momento de efectuar la reserva.<\/p>\n<p>Lujo sin l\u00edmites<\/p>\n<p>Aproveche el lujo de m\u00e1s. Durante un tiempo limitado, disfrute de un cr\u00e9dito de hotel de 100 $ de cortes\u00eda al reservar su estancia en el Baccarat Hotel New York.<\/p>\n<h6>El paquete incluye:<\/h6>\n<ul>\n<li>Alojamiento de lujo<\/li>\n<li>100 $ de cr\u00e9dito en hoteles<\/li>\n<li>WiFi gratuito durante toda la estancia<\/li>\n<\/ul>\n<h6>C\u00f3digo promocional: S4B<\/h6>\n<p>Un c\u00f3digo promocional es la abreviatura de tres caracteres de la tarifa especial que ha seleccionado. Cada promoci\u00f3n u oferta lleva asociado un c\u00f3digo \u00fanico.Independientemente de c\u00f3mo vaya a pasar su viaje, empiece cada d\u00eda con una buena comida para arrancar la ma\u00f1ana. Disfrute de un desayuno para dos, a cuenta nuestra, por cada d\u00eda de estancia.<\/p>\n<h6>Reservas:<\/h6>\n<p>Aseg\u00farese de que aparezca el c\u00f3digo promocional S4B en la casilla Corporate\/Promotional code (C\u00f3digo corporativo\/promocional) al hacer su reserva en l\u00ednea, o llame al 1-800-228-9290 en EE.UU. y pregunte por el c\u00f3digo promocional S4B. Para n\u00fameros gratuitos fuera de EE.UU., haga clic aqu\u00ed.<\/p>\n<h6>T\u00e9rminos y condiciones:<\/h6>\n<p>V\u00e1lido los siete d\u00edas de la semana hasta el 31\/12\/18. Incluye desayuno en el restaurante del hotel para un m\u00e1ximo de dos adultos y ni\u00f1os menores de 12 a\u00f1os alojados en la misma habitaci\u00f3n. Si ha realizado un pago por adelantado, nos quedaremos con la totalidad o parte del mismo. En caso contrario, efectuaremos el cargo en su tarjeta de cr\u00e9dito. Esta tasa equivale a una noche del precio de la habitaci\u00f3n (para la primera noche de su reserva). El n\u00famero de habitaciones disponibles para esta promoci\u00f3n es limitado. El impuesto es adicional. Oferta no aplicable a grupos de 10 o m\u00e1s habitaciones. Oferta no acumulable a otras promociones. Pueden aplicarse fechas restringidas. Es necesario reservar con antelaci\u00f3n. Se aplican otras restricciones. Las tarifas son por habitaci\u00f3n y noche y se basan en la disponibilidad en el momento de efectuar la reserva.<\/p>\n<p>Empieza el d\u00eda con buen pie<\/p>\n<p>Aproveche el lujo de m\u00e1s. Durante un tiempo limitado, disfrute de un cr\u00e9dito de hotel de 100 $ de cortes\u00eda al reservar su estancia en el Baccarat Hotel New York.<\/p>\n<h6>El paquete incluye:<\/h6>\n<ul>\n<li>Alojamiento de lujo<\/li>\n<li>100 $ de cr\u00e9dito en hoteles<\/li>\n<li>WiFi gratuito durante toda la estancia<\/li>\n<\/ul>\n<h6>C\u00f3digo promocional: S4B<\/h6>\n<p>Un c\u00f3digo promocional es la abreviatura de tres caracteres de la tarifa especial que ha seleccionado. Cada promoci\u00f3n u oferta tiene un c\u00f3digo \u00fanico asociado.<\/p>\n<p>Independientemente de c\u00f3mo vaya a pasar su viaje, empiece cada d\u00eda con una buena comida para arrancar la ma\u00f1ana. Disfrute de un desayuno para dos, a cuenta nuestra, por cada d\u00eda de estancia.<\/p>\n<h6>Reservas:<\/h6>\n<p>Aseg\u00farese de que aparezca el c\u00f3digo promocional S4B en la casilla Corporate\/Promotional code (C\u00f3digo corporativo\/promocional) al hacer su reserva en l\u00ednea, o llame al 1-800-228-9290 en EE.UU. y pregunte por el c\u00f3digo promocional S4B. Para n\u00fameros gratuitos fuera de EE.UU., haga clic aqu\u00ed.<\/p>\n<h6>T\u00e9rminos y condiciones:<\/h6>\n<p>V\u00e1lido los siete d\u00edas de la semana hasta el 31\/12\/18. Incluye desayuno en el restaurante del hotel para un m\u00e1ximo de dos adultos y ni\u00f1os menores de 12 a\u00f1os alojados en la misma habitaci\u00f3n. Si ha realizado un pago por adelantado, nos quedaremos con la totalidad o parte del mismo. En caso contrario, efectuaremos el cargo en su tarjeta de cr\u00e9dito. Esta tasa equivale a una noche del precio de la habitaci\u00f3n (para la primera noche de su reserva). El n\u00famero de habitaciones disponibles para esta promoci\u00f3n es limitado. El impuesto es adicional. Oferta no aplicable a grupos de 10 o m\u00e1s habitaciones. Oferta no acumulable a otras promociones. Pueden aplicarse fechas restringidas. Es necesario reservar con antelaci\u00f3n. Se aplican otras restricciones. Las tarifas son por habitaci\u00f3n y noche y se basan en la disponibilidad en el momento de efectuar la reserva.<\/p>\n<p>\u00bfYa hemos llegado?<\/p>\n<p>Aproveche el lujo de m\u00e1s. Durante un tiempo limitado, disfrute de un cr\u00e9dito de hotel de 100 $ de cortes\u00eda al reservar su estancia en el Baccarat Hotel New York.<\/p>\n<h6>El paquete incluye:<\/h6>\n<ul>\n<li>Alojamiento de lujo<\/li>\n<li>100 $ de cr\u00e9dito en hoteles<\/li>\n<li>WiFi gratuito durante toda la estancia<\/li>\n<\/ul>\n<h6>C\u00f3digo promocional: S4B<\/h6>\n<p>Un c\u00f3digo promocional es la abreviatura de tres caracteres de la tarifa especial que ha seleccionado. Cada promoci\u00f3n u oferta tiene un c\u00f3digo \u00fanico asociado.<\/p>\n<p>Independientemente de c\u00f3mo vaya a pasar su viaje, empiece cada d\u00eda con una buena comida para arrancar la ma\u00f1ana. Disfrute de un desayuno para dos, a cuenta nuestra, por cada d\u00eda de estancia.<\/p>\n<h6>Reservas:<\/h6>\n<p>Aseg\u00farese de que aparezca el c\u00f3digo promocional S4B en la casilla Corporate\/Promotional code (C\u00f3digo corporativo\/promocional) al hacer su reserva en l\u00ednea, o llame al 1-800-228-9290 en EE.UU. y pregunte por el c\u00f3digo promocional S4B. Para n\u00fameros gratuitos fuera de EE.UU., haga clic aqu\u00ed.<\/p>\n<h6>T\u00e9rminos y condiciones:<\/h6>\n<p>V\u00e1lido los siete d\u00edas de la semana hasta el 31\/12\/18. Incluye desayuno en el restaurante del hotel para un m\u00e1ximo de dos adultos y ni\u00f1os menores de 12 a\u00f1os alojados en la misma habitaci\u00f3n. Si ha realizado un pago por adelantado, nos quedaremos con la totalidad o parte del mismo. En caso contrario, efectuaremos el cargo en su tarjeta de cr\u00e9dito. Esta tasa equivale a una noche del precio de la habitaci\u00f3n (para la primera noche de su reserva). El n\u00famero de habitaciones disponibles para esta promoci\u00f3n es limitado. El impuesto es adicional. Oferta no aplicable a grupos de 10 o m\u00e1s habitaciones. Oferta no acumulable a otras promociones. Pueden aplicarse fechas restringidas. Es necesario reservar con antelaci\u00f3n. Se aplican otras restricciones. Las tarifas son por habitaci\u00f3n y noche y se basan en la disponibilidad en el momento de efectuar la reserva.<\/p>\n<p>Suite de lujo Dreams<\/p>\n<p>Aproveche el lujo de m\u00e1s. Durante un tiempo limitado, disfrute de un cr\u00e9dito de hotel de 100 $ de cortes\u00eda al reservar su estancia en el Baccarat Hotel New York.<\/p>\n<h6>El paquete incluye:<\/h6>\n<ul>\n<li>Alojamiento de lujo<\/li>\n<li>100 $ de cr\u00e9dito en hoteles<\/li>\n<li>WiFi gratuito durante toda la estancia<\/li>\n<\/ul>\n<h6>C\u00f3digo promocional: S4B<\/h6>\n<p>Un c\u00f3digo promocional es la abreviatura de tres caracteres de la tarifa especial que ha seleccionado. Cada promoci\u00f3n u oferta tiene un c\u00f3digo \u00fanico asociado.<\/p>\n<p>Independientemente de c\u00f3mo vaya a pasar su viaje, empiece cada d\u00eda con una buena comida para arrancar la ma\u00f1ana. Disfrute de un desayuno para dos, a cuenta nuestra, por cada d\u00eda de estancia.<\/p>\n<h6>Reservas:<\/h6>\n<p>Aseg\u00farese de que aparezca el c\u00f3digo promocional S4B en la casilla Corporate\/Promotional code (C\u00f3digo corporativo\/promocional) al hacer su reserva en l\u00ednea, o llame al 1-800-228-9290 en EE.UU. y pregunte por el c\u00f3digo promocional S4B. Para n\u00fameros gratuitos fuera de EE.UU., haga clic aqu\u00ed.<\/p>\n<h6>T\u00e9rminos y condiciones:<\/h6>\n<p>V\u00e1lido los siete d\u00edas de la semana hasta el 31\/12\/18. Incluye desayuno en el restaurante del hotel para un m\u00e1ximo de dos adultos y ni\u00f1os menores de 12 a\u00f1os alojados en la misma habitaci\u00f3n. Si ha realizado un pago por adelantado, nos quedaremos con la totalidad o parte del mismo. En caso contrario, efectuaremos el cargo en su tarjeta de cr\u00e9dito. Esta tasa equivale a una noche del precio de la habitaci\u00f3n (para la primera noche de su reserva). El n\u00famero de habitaciones disponibles para esta promoci\u00f3n es limitado. El impuesto es adicional. Oferta no aplicable a grupos de 10 o m\u00e1s habitaciones. Oferta no acumulable a otras promociones. Pueden aplicarse fechas restringidas. Es necesario reservar con antelaci\u00f3n. Se aplican otras restricciones. Las tarifas son por habitaci\u00f3n y noche y se basan en la disponibilidad en el momento de efectuar la reserva.<\/p>\n<p>Paquete para residentes en EAU y CCG<\/p>\n<p>Aproveche el lujo de m\u00e1s. Durante un tiempo limitado, disfrute de un cr\u00e9dito de hotel de 100 $ de cortes\u00eda al reservar su estancia en el Baccarat Hotel New York.<\/p>\n<h6>El paquete incluye:<\/h6>\n<ul>\n<li>Alojamiento de lujo<\/li>\n<li>100 $ de cr\u00e9dito en hoteles<\/li>\n<li>WiFi gratuito durante toda la estancia<\/li>\n<\/ul>\n<h6>C\u00f3digo promocional: S4B<\/h6>\n<p>Un c\u00f3digo promocional es la abreviatura de tres caracteres de la tarifa especial que ha seleccionado. Cada promoci\u00f3n u oferta tiene un c\u00f3digo \u00fanico asociado.<\/p>\n<p>Independientemente de c\u00f3mo vaya a transcurrir su viaje, empiece cada d\u00eda con una buena comida para arrancar la ma\u00f1ana. Disfrute de un desayuno para dos, a cuenta nuestra, por cada d\u00eda de estancia.<\/p>\n<h6>Reservas:<\/h6>\n<p>Aseg\u00farese de que aparezca el c\u00f3digo promocional S4B en la casilla Corporate\/Promotional code (C\u00f3digo corporativo\/promocional) al hacer su reserva en l\u00ednea, o llame al 1-800-228-9290 en EE.UU. y pregunte por el c\u00f3digo promocional S4B. Para n\u00fameros gratuitos fuera de EE.UU., haga clic aqu\u00ed.<\/p>\n<h6>T\u00e9rminos y condiciones:<\/h6>\n<p>V\u00e1lido los siete d\u00edas de la semana hasta el 31\/12\/18. Incluye desayuno en el restaurante del hotel para un m\u00e1ximo de dos adultos y ni\u00f1os menores de 12 a\u00f1os alojados en la misma habitaci\u00f3n. Si ha realizado un pago por adelantado, nos quedaremos con la totalidad o parte del mismo. En caso contrario, efectuaremos el cargo en su tarjeta de cr\u00e9dito. Esta tasa equivale a una noche del precio de la habitaci\u00f3n (para la primera noche de su reserva). El n\u00famero de habitaciones disponibles para esta promoci\u00f3n es limitado. El impuesto es adicional. Oferta no aplicable a grupos de 10 o m\u00e1s habitaciones. Oferta no acumulable a otras promociones. Pueden aplicarse fechas restringidas. Es necesario reservar con antelaci\u00f3n. Se aplican otras restricciones. Las tarifas son por habitaci\u00f3n y noche y se basan en la disponibilidad en el momento de efectuar la reserva.<\/p>\n\t\t\t\t\t\t\t\t<\/div>\n\t\t\t\t<\/div>\n\t\t\t\t\t<\/div>\n\t\t<\/div>\n\t\t\t\t\t<\/div>\n\t\t<\/section>\n\t\t\t\t<\/div>\n\t\t","protected":false},"excerpt":{"rendered":"<p>Ofertas especiales Dise\u00f1ado para usted Escapada de fin de semana a Nueva York Haga sus propias reglas de fin de semana con nuestra exclusiva Escapada de fin de semana a&#8230;<\/p>\n","protected":false},"author":1,"featured_media":0,"parent":0,"menu_order":0,"comment_status":"closed","ping_status":"closed","template":"","meta":{"inline_featured_image":false,"_price":"","_stock":"","_tribe_ticket_header":"","_tribe_default_ticket_provider":"","_tribe_ticket_capacity":"0","_ticket_start_date":"","_ticket_end_date":"","_tribe_ticket_show_description":"","_tribe_ticket_show_not_going":false,"_tribe_ticket_use_global_stock":"","_tribe_ticket_global_stock_level":"","_global_stock_mode":"","_global_stock_cap":"","_tribe_rsvp_for_event":"","_tribe_ticket_going_count":"","_tribe_ticket_not_going_count":"","_tribe_tickets_list":"[]","_tribe_ticket_has_attendee_info_fields":false,"footnotes":""},"class_list":["post-23562","page","type-page","status-publish","hentry"],"yoast_head":"<!-- This site is optimized with the Yoast SEO plugin v26.5 - https:\/\/yoast.com\/wordpress\/plugins\/seo\/ -->\n<title>\u00a1Hola Aveiro! - Hotel Farol<\/title>\n<meta name=\"robots\" content=\"index, follow, max-snippet:-1, max-image-preview:large, max-video-preview:-1\" \/>\n<link rel=\"canonical\" href=\"https:\/\/www.hotelfarol.pt\/pt\/hola-aveiro\/\" \/>\n<meta property=\"og:locale\" content=\"pt_PT\" \/>\n<meta property=\"og:type\" content=\"article\" \/>\n<meta property=\"og:title\" content=\"\u00a1Hola Aveiro! - Hotel Farol\" \/>\n<meta property=\"og:description\" content=\"Ofertas especiales Dise\u00f1ado para usted Escapada de fin de semana a Nueva York Haga sus propias reglas de fin de semana con nuestra exclusiva Escapada de fin de semana a...\" \/>\n<meta property=\"og:url\" content=\"https:\/\/www.hotelfarol.pt\/pt\/hola-aveiro\/?lang=es\" \/>\n<meta property=\"og:site_name\" content=\"Hotel Farol\" \/>\n<meta property=\"article:modified_time\" content=\"2023-03-07T17:32:25+00:00\" \/>\n<meta name=\"twitter:card\" content=\"summary_large_image\" \/>\n<meta name=\"twitter:label1\" content=\"Tempo estimado de leitura\" \/>\n\t<meta name=\"twitter:data1\" content=\"11 minutos\" \/>\n<script type=\"application\/ld+json\" class=\"yoast-schema-graph\">{\"@context\":\"https:\/\/schema.org\",\"@graph\":[{\"@type\":\"WebPage\",\"@id\":\"https:\/\/www.hotelfarol.pt\/pt\/hola-aveiro\/?lang=es\",\"url\":\"https:\/\/www.hotelfarol.pt\/pt\/hola-aveiro\/?lang=es\",\"name\":\"\u00a1Hola Aveiro! - Hotel Farol\",\"isPartOf\":{\"@id\":\"https:\/\/www.hotelfarol.pt\/pt\/#website\"},\"datePublished\":\"2020-10-20T00:27:11+00:00\",\"dateModified\":\"2023-03-07T17:32:25+00:00\",\"breadcrumb\":{\"@id\":\"https:\/\/www.hotelfarol.pt\/pt\/hola-aveiro\/?lang=es#breadcrumb\"},\"inLanguage\":\"pt-PT\",\"potentialAction\":[{\"@type\":\"ReadAction\",\"target\":[\"https:\/\/www.hotelfarol.pt\/pt\/hola-aveiro\/?lang=es\"]}]},{\"@type\":\"BreadcrumbList\",\"@id\":\"https:\/\/www.hotelfarol.pt\/pt\/hola-aveiro\/?lang=es#breadcrumb\",\"itemListElement\":[{\"@type\":\"ListItem\",\"position\":1,\"name\":\"Home\",\"item\":\"https:\/\/www.hotelfarol.pt\/pt\/\"},{\"@type\":\"ListItem\",\"position\":2,\"name\":\"\u00a1Hola Aveiro!\"}]},{\"@type\":\"WebSite\",\"@id\":\"https:\/\/www.hotelfarol.pt\/pt\/#website\",\"url\":\"https:\/\/www.hotelfarol.pt\/pt\/\",\"name\":\"Hotel Farol\",\"description\":\"\",\"publisher\":{\"@id\":\"https:\/\/www.hotelfarol.pt\/pt\/#organization\"},\"potentialAction\":[{\"@type\":\"SearchAction\",\"target\":{\"@type\":\"EntryPoint\",\"urlTemplate\":\"https:\/\/www.hotelfarol.pt\/pt\/?s={search_term_string}\"},\"query-input\":{\"@type\":\"PropertyValueSpecification\",\"valueRequired\":true,\"valueName\":\"search_term_string\"}}],\"inLanguage\":\"pt-PT\"},{\"@type\":\"Organization\",\"@id\":\"https:\/\/www.hotelfarol.pt\/pt\/#organization\",\"name\":\"Hotel Farol\",\"url\":\"https:\/\/www.hotelfarol.pt\/pt\/\",\"logo\":{\"@type\":\"ImageObject\",\"inLanguage\":\"pt-PT\",\"@id\":\"https:\/\/www.hotelfarol.pt\/pt\/#\/schema\/logo\/image\/\",\"url\":\"https:\/\/www.hotelfarol.pt\/pt\/wp-content\/uploads\/2020\/11\/cropped-capa-face-hotel-02-1-e1669090868239.png\",\"contentUrl\":\"https:\/\/www.hotelfarol.pt\/pt\/wp-content\/uploads\/2020\/11\/cropped-capa-face-hotel-02-1-e1669090868239.png\",\"width\":150,\"height\":150,\"caption\":\"Hotel Farol\"},\"image\":{\"@id\":\"https:\/\/www.hotelfarol.pt\/pt\/#\/schema\/logo\/image\/\"}}]}<\/script>\n<!-- \/ Yoast SEO plugin. -->","yoast_head_json":{"title":"\u00a1Hola Aveiro! - Hotel Farol","robots":{"index":"index","follow":"follow","max-snippet":"max-snippet:-1","max-image-preview":"max-image-preview:large","max-video-preview":"max-video-preview:-1"},"canonical":"https:\/\/www.hotelfarol.pt\/pt\/hola-aveiro\/","og_locale":"pt_PT","og_type":"article","og_title":"\u00a1Hola Aveiro! - Hotel Farol","og_description":"Ofertas especiales Dise\u00f1ado para usted Escapada de fin de semana a Nueva York Haga sus propias reglas de fin de semana con nuestra exclusiva Escapada de fin de semana a...","og_url":"https:\/\/www.hotelfarol.pt\/pt\/hola-aveiro\/?lang=es","og_site_name":"Hotel Farol","article_modified_time":"2023-03-07T17:32:25+00:00","twitter_card":"summary_large_image","twitter_misc":{"Tempo estimado de leitura":"11 minutos"},"schema":{"@context":"https:\/\/schema.org","@graph":[{"@type":"WebPage","@id":"https:\/\/www.hotelfarol.pt\/pt\/hola-aveiro\/?lang=es","url":"https:\/\/www.hotelfarol.pt\/pt\/hola-aveiro\/?lang=es","name":"\u00a1Hola Aveiro! - Hotel Farol","isPartOf":{"@id":"https:\/\/www.hotelfarol.pt\/pt\/#website"},"datePublished":"2020-10-20T00:27:11+00:00","dateModified":"2023-03-07T17:32:25+00:00","breadcrumb":{"@id":"https:\/\/www.hotelfarol.pt\/pt\/hola-aveiro\/?lang=es#breadcrumb"},"inLanguage":"pt-PT","potentialAction":[{"@type":"ReadAction","target":["https:\/\/www.hotelfarol.pt\/pt\/hola-aveiro\/?lang=es"]}]},{"@type":"BreadcrumbList","@id":"https:\/\/www.hotelfarol.pt\/pt\/hola-aveiro\/?lang=es#breadcrumb","itemListElement":[{"@type":"ListItem","position":1,"name":"Home","item":"https:\/\/www.hotelfarol.pt\/pt\/"},{"@type":"ListItem","position":2,"name":"\u00a1Hola Aveiro!"}]},{"@type":"WebSite","@id":"https:\/\/www.hotelfarol.pt\/pt\/#website","url":"https:\/\/www.hotelfarol.pt\/pt\/","name":"Hotel Farol","description":"","publisher":{"@id":"https:\/\/www.hotelfarol.pt\/pt\/#organization"},"potentialAction":[{"@type":"SearchAction","target":{"@type":"EntryPoint","urlTemplate":"https:\/\/www.hotelfarol.pt\/pt\/?s={search_term_string}"},"query-input":{"@type":"PropertyValueSpecification","valueRequired":true,"valueName":"search_term_string"}}],"inLanguage":"pt-PT"},{"@type":"Organization","@id":"https:\/\/www.hotelfarol.pt\/pt\/#organization","name":"Hotel Farol","url":"https:\/\/www.hotelfarol.pt\/pt\/","logo":{"@type":"ImageObject","inLanguage":"pt-PT","@id":"https:\/\/www.hotelfarol.pt\/pt\/#\/schema\/logo\/image\/","url":"https:\/\/www.hotelfarol.pt\/pt\/wp-content\/uploads\/2020\/11\/cropped-capa-face-hotel-02-1-e1669090868239.png","contentUrl":"https:\/\/www.hotelfarol.pt\/pt\/wp-content\/uploads\/2020\/11\/cropped-capa-face-hotel-02-1-e1669090868239.png","width":150,"height":150,"caption":"Hotel Farol"},"image":{"@id":"https:\/\/www.hotelfarol.pt\/pt\/#\/schema\/logo\/image\/"}}]}},"_links":{"self":[{"href":"https:\/\/www.hotelfarol.pt\/pt\/wp-json\/wp\/v2\/pages\/23562","targetHints":{"allow":["GET"]}}],"collection":[{"href":"https:\/\/www.hotelfarol.pt\/pt\/wp-json\/wp\/v2\/pages"}],"about":[{"href":"https:\/\/www.hotelfarol.pt\/pt\/wp-json\/wp\/v2\/types\/page"}],"author":[{"embeddable":true,"href":"https:\/\/www.hotelfarol.pt\/pt\/wp-json\/wp\/v2\/users\/1"}],"replies":[{"embeddable":true,"href":"https:\/\/www.hotelfarol.pt\/pt\/wp-json\/wp\/v2\/comments?post=23562"}],"version-history":[{"count":2,"href":"https:\/\/www.hotelfarol.pt\/pt\/wp-json\/wp\/v2\/pages\/23562\/revisions"}],"predecessor-version":[{"id":23564,"href":"https:\/\/www.hotelfarol.pt\/pt\/wp-json\/wp\/v2\/pages\/23562\/revisions\/23564"}],"wp:attachment":[{"href":"https:\/\/www.hotelfarol.pt\/pt\/wp-json\/wp\/v2\/media?parent=23562"}],"curies":[{"name":"wp","href":"https:\/\/api.w.org\/{rel}","templated":true}]}}