{"id":23551,"date":"2021-02-09T23:24:21","date_gmt":"2021-02-09T23:24:21","guid":{"rendered":"https:\/\/www.hotelfarol.pt\/pt\/rpdg\/"},"modified":"2023-03-07T17:23:51","modified_gmt":"2023-03-07T17:23:51","slug":"rpdg","status":"publish","type":"page","link":"https:\/\/www.hotelfarol.pt\/pt\/rpdg\/?lang=de","title":{"rendered":"RPDG"},"content":{"rendered":"<div class=\"vgblk-rw-wrapper limit-wrapper\"><div class=\"content-with-padding post-501 page type-page status-publish hentry\">\n<div class=\"the-content\">\n<h1 style=\"text-align: center;\">Aus\u00fcbung der Rechte durch die betroffene Person<\/h1>\n<p style=\"text-align: justify;\">Wann immer Sie eines oder mehrere Ihrer Rechte in Bezug auf den Schutz Ihrer personenbezogenen Daten aus\u00fcben m\u00f6chten, teilen Sie uns dies einfach mit. Sobald wir Ihren Antrag erhalten haben, werden wir uns mit Ihnen in Verbindung setzen, damit wir ihn korrekt bearbeiten k\u00f6nnen. Bitte geben Sie uns Ihre Kontaktdaten an. Wir werden Ihre Anfrage so schnell wie m\u00f6glich bearbeiten, es sei denn, wir sind aus rechtlichen Gr\u00fcnden daran gehindert. Sie k\u00f6nnen jederzeit unsere Datenschutzerkl\u00e4rung konsultieren, in der wir alle Ihre Rechte im Detail auflisten und erl\u00e4utern.<\/p>\n<\/div>\n<\/div>\n<div class=\"wpforms-container \" id=\"wpforms-17222\"><form id=\"wpforms-form-17222\" class=\"wpforms-validate wpforms-form\" data-formid=\"17222\" method=\"post\" enctype=\"multipart\/form-data\" action=\"\/pt\/wp-json\/wp\/v2\/pages\/23551\" data-token=\"19cbbc4f8e6580d9877548dcf8b0b336\" data-token-time=\"1777309419\"><noscript class=\"wpforms-error-noscript\">Please enable JavaScript in your browser to complete this form.<\/noscript><div class=\"wpforms-field-container\"><div id=\"wpforms-17222-field_0-container\" class=\"wpforms-field wpforms-field-name wpforms-one-half wpforms-first\" data-field-id=\"0\"><label class=\"wpforms-field-label\" for=\"wpforms-17222-field_0\">Nome: <span class=\"wpforms-required-label\">*<\/span><\/label><input type=\"text\" id=\"wpforms-17222-field_0\" class=\"wpforms-field-large wpforms-field-required\" name=\"wpforms[fields][0]\" placeholder=\"nome\" required><\/div><div id=\"wpforms-17222-field_4-container\" class=\"wpforms-field wpforms-field-name wpforms-one-half\" data-field-id=\"4\"><label class=\"wpforms-field-label\" for=\"wpforms-17222-field_4\">Empresa:<\/label><input type=\"text\" id=\"wpforms-17222-field_4\" class=\"wpforms-field-large\" name=\"wpforms[fields][4]\" placeholder=\"empresa (se aplicavel)\" ><\/div><div id=\"wpforms-17222-field_1-container\" class=\"wpforms-field wpforms-field-email wpforms-one-half wpforms-first\" data-field-id=\"1\"><label class=\"wpforms-field-label\" for=\"wpforms-17222-field_1\">E-mail: <span class=\"wpforms-required-label\">*<\/span><\/label><input type=\"email\" id=\"wpforms-17222-field_1\" class=\"wpforms-field-large wpforms-field-required\" name=\"wpforms[fields][1]\" placeholder=\"endere\u00e7o de e-mail\" spellcheck=\"false\" required><\/div><div id=\"wpforms-17222-field_5-container\" class=\"wpforms-field wpforms-field-number wpforms-one-half\" data-field-id=\"5\"><label class=\"wpforms-field-label\" for=\"wpforms-17222-field_5\">Telefone:<\/label><input type=\"number\" id=\"wpforms-17222-field_5\" class=\"wpforms-field-large\" name=\"wpforms[fields][5]\" placeholder=\"telefone\" step=\"any\" ><\/div><div id=\"wpforms-17222-field_2-container\" class=\"wpforms-field wpforms-field-textarea wpforms-first\" data-field-id=\"2\"><label class=\"wpforms-field-label\" for=\"wpforms-17222-field_2\">Mensagem:<\/label><textarea id=\"wpforms-17222-field_2\" class=\"wpforms-field-medium\" name=\"wpforms[fields][2]\" placeholder=\"escreva a sua mensagem\" ><\/textarea><\/div><\/div><!-- .wpforms-field-container --><div class=\"wpforms-field wpforms-field-hp\"><label for=\"wpforms-17222-field-hp\" class=\"wpforms-field-label\">Name<\/label><input type=\"text\" name=\"wpforms[hp]\" id=\"wpforms-17222-field-hp\" class=\"wpforms-field-medium\"><\/div><div class=\"wpforms-recaptcha-container wpforms-is-recaptcha wpforms-is-recaptcha-type-v3\" ><input type=\"hidden\" name=\"wpforms[recaptcha]\" value=\"\"><\/div><div class=\"wpforms-submit-container\" ><input type=\"hidden\" name=\"wpforms[id]\" value=\"17222\"><input type=\"hidden\" name=\"page_title\" value=\"\"><input type=\"hidden\" name=\"page_url\" value=\"https:\/\/www.hotelfarol.pt\/pt\/wp-json\/wp\/v2\/pages\/23551\"><input type=\"hidden\" name=\"url_referer\" value=\"\"><button type=\"submit\" name=\"wpforms[submit]\" id=\"wpforms-submit-17222\" class=\"wpforms-submit\" data-alt-text=\"A enviar...\" data-submit-text=\"ENVIAR\" aria-live=\"assertive\" value=\"wpforms-submit\">ENVIAR<\/button><\/div><\/form><\/div>  <!-- .wpforms-container -->\n\n<p><\/p>\n<\/div><!-- .vgblk-rw-wrapper -->","protected":false},"excerpt":{"rendered":"<p>Aus\u00fcbung der Rechte durch die betroffene Person Wann immer Sie eines oder mehrere Ihrer Rechte in Bezug auf den Schutz Ihrer personenbezogenen Daten aus\u00fcben m\u00f6chten, teilen Sie uns dies einfach&#8230;<\/p>\n","protected":false},"author":1,"featured_media":0,"parent":0,"menu_order":0,"comment_status":"closed","ping_status":"closed","template":"","meta":{"inline_featured_image":false,"_price":"","_stock":"","_tribe_ticket_header":"","_tribe_default_ticket_provider":"","_tribe_ticket_capacity":"0","_ticket_start_date":"","_ticket_end_date":"","_tribe_ticket_show_description":"","_tribe_ticket_show_not_going":false,"_tribe_ticket_use_global_stock":"","_tribe_ticket_global_stock_level":"","_global_stock_mode":"","_global_stock_cap":"","_tribe_rsvp_for_event":"","_tribe_ticket_going_count":"","_tribe_ticket_not_going_count":"","_tribe_tickets_list":"[]","_tribe_ticket_has_attendee_info_fields":false,"footnotes":""},"class_list":["post-23551","page","type-page","status-publish","hentry"],"yoast_head":"<!-- This site is optimized with the Yoast SEO plugin v26.5 - https:\/\/yoast.com\/wordpress\/plugins\/seo\/ -->\n<title>RPDG - Hotel Farol<\/title>\n<meta name=\"robots\" content=\"index, follow, max-snippet:-1, max-image-preview:large, max-video-preview:-1\" \/>\n<link rel=\"canonical\" href=\"https:\/\/www.hotelfarol.pt\/pt\/rpdg\/\" \/>\n<meta property=\"og:locale\" content=\"pt_PT\" \/>\n<meta property=\"og:type\" content=\"article\" \/>\n<meta property=\"og:title\" content=\"RPDG - Hotel Farol\" \/>\n<meta property=\"og:description\" content=\"Aus\u00fcbung der Rechte durch die betroffene Person Wann immer Sie eines oder mehrere Ihrer Rechte in Bezug auf den Schutz Ihrer personenbezogenen Daten aus\u00fcben m\u00f6chten, teilen Sie uns dies einfach...\" \/>\n<meta property=\"og:url\" content=\"https:\/\/www.hotelfarol.pt\/pt\/rpdg\/?lang=de\" \/>\n<meta property=\"og:site_name\" content=\"Hotel Farol\" \/>\n<meta property=\"article:modified_time\" content=\"2023-03-07T17:23:51+00:00\" \/>\n<meta name=\"twitter:card\" content=\"summary_large_image\" \/>\n<meta name=\"twitter:label1\" content=\"Tempo estimado de leitura\" \/>\n\t<meta name=\"twitter:data1\" content=\"1 minuto\" \/>\n<script type=\"application\/ld+json\" class=\"yoast-schema-graph\">{\"@context\":\"https:\/\/schema.org\",\"@graph\":[{\"@type\":\"WebPage\",\"@id\":\"https:\/\/www.hotelfarol.pt\/pt\/rpdg\/?lang=de\",\"url\":\"https:\/\/www.hotelfarol.pt\/pt\/rpdg\/?lang=de\",\"name\":\"RPDG - Hotel Farol\",\"isPartOf\":{\"@id\":\"https:\/\/www.hotelfarol.pt\/pt\/#website\"},\"datePublished\":\"2021-02-09T23:24:21+00:00\",\"dateModified\":\"2023-03-07T17:23:51+00:00\",\"breadcrumb\":{\"@id\":\"https:\/\/www.hotelfarol.pt\/pt\/rpdg\/?lang=de#breadcrumb\"},\"inLanguage\":\"pt-PT\",\"potentialAction\":[{\"@type\":\"ReadAction\",\"target\":[\"https:\/\/www.hotelfarol.pt\/pt\/rpdg\/?lang=de\"]}]},{\"@type\":\"BreadcrumbList\",\"@id\":\"https:\/\/www.hotelfarol.pt\/pt\/rpdg\/?lang=de#breadcrumb\",\"itemListElement\":[{\"@type\":\"ListItem\",\"position\":1,\"name\":\"Home\",\"item\":\"https:\/\/www.hotelfarol.pt\/pt\/\"},{\"@type\":\"ListItem\",\"position\":2,\"name\":\"RPDG\"}]},{\"@type\":\"WebSite\",\"@id\":\"https:\/\/www.hotelfarol.pt\/pt\/#website\",\"url\":\"https:\/\/www.hotelfarol.pt\/pt\/\",\"name\":\"Hotel Farol\",\"description\":\"\",\"publisher\":{\"@id\":\"https:\/\/www.hotelfarol.pt\/pt\/#organization\"},\"potentialAction\":[{\"@type\":\"SearchAction\",\"target\":{\"@type\":\"EntryPoint\",\"urlTemplate\":\"https:\/\/www.hotelfarol.pt\/pt\/?s={search_term_string}\"},\"query-input\":{\"@type\":\"PropertyValueSpecification\",\"valueRequired\":true,\"valueName\":\"search_term_string\"}}],\"inLanguage\":\"pt-PT\"},{\"@type\":\"Organization\",\"@id\":\"https:\/\/www.hotelfarol.pt\/pt\/#organization\",\"name\":\"Hotel Farol\",\"url\":\"https:\/\/www.hotelfarol.pt\/pt\/\",\"logo\":{\"@type\":\"ImageObject\",\"inLanguage\":\"pt-PT\",\"@id\":\"https:\/\/www.hotelfarol.pt\/pt\/#\/schema\/logo\/image\/\",\"url\":\"https:\/\/www.hotelfarol.pt\/pt\/wp-content\/uploads\/2020\/11\/cropped-capa-face-hotel-02-1-e1669090868239.png\",\"contentUrl\":\"https:\/\/www.hotelfarol.pt\/pt\/wp-content\/uploads\/2020\/11\/cropped-capa-face-hotel-02-1-e1669090868239.png\",\"width\":150,\"height\":150,\"caption\":\"Hotel Farol\"},\"image\":{\"@id\":\"https:\/\/www.hotelfarol.pt\/pt\/#\/schema\/logo\/image\/\"}}]}<\/script>\n<!-- \/ Yoast SEO plugin. -->","yoast_head_json":{"title":"RPDG - Hotel Farol","robots":{"index":"index","follow":"follow","max-snippet":"max-snippet:-1","max-image-preview":"max-image-preview:large","max-video-preview":"max-video-preview:-1"},"canonical":"https:\/\/www.hotelfarol.pt\/pt\/rpdg\/","og_locale":"pt_PT","og_type":"article","og_title":"RPDG - Hotel Farol","og_description":"Aus\u00fcbung der Rechte durch die betroffene Person Wann immer Sie eines oder mehrere Ihrer Rechte in Bezug auf den Schutz Ihrer personenbezogenen Daten aus\u00fcben m\u00f6chten, teilen Sie uns dies einfach...","og_url":"https:\/\/www.hotelfarol.pt\/pt\/rpdg\/?lang=de","og_site_name":"Hotel Farol","article_modified_time":"2023-03-07T17:23:51+00:00","twitter_card":"summary_large_image","twitter_misc":{"Tempo estimado de leitura":"1 minuto"},"schema":{"@context":"https:\/\/schema.org","@graph":[{"@type":"WebPage","@id":"https:\/\/www.hotelfarol.pt\/pt\/rpdg\/?lang=de","url":"https:\/\/www.hotelfarol.pt\/pt\/rpdg\/?lang=de","name":"RPDG - Hotel Farol","isPartOf":{"@id":"https:\/\/www.hotelfarol.pt\/pt\/#website"},"datePublished":"2021-02-09T23:24:21+00:00","dateModified":"2023-03-07T17:23:51+00:00","breadcrumb":{"@id":"https:\/\/www.hotelfarol.pt\/pt\/rpdg\/?lang=de#breadcrumb"},"inLanguage":"pt-PT","potentialAction":[{"@type":"ReadAction","target":["https:\/\/www.hotelfarol.pt\/pt\/rpdg\/?lang=de"]}]},{"@type":"BreadcrumbList","@id":"https:\/\/www.hotelfarol.pt\/pt\/rpdg\/?lang=de#breadcrumb","itemListElement":[{"@type":"ListItem","position":1,"name":"Home","item":"https:\/\/www.hotelfarol.pt\/pt\/"},{"@type":"ListItem","position":2,"name":"RPDG"}]},{"@type":"WebSite","@id":"https:\/\/www.hotelfarol.pt\/pt\/#website","url":"https:\/\/www.hotelfarol.pt\/pt\/","name":"Hotel Farol","description":"","publisher":{"@id":"https:\/\/www.hotelfarol.pt\/pt\/#organization"},"potentialAction":[{"@type":"SearchAction","target":{"@type":"EntryPoint","urlTemplate":"https:\/\/www.hotelfarol.pt\/pt\/?s={search_term_string}"},"query-input":{"@type":"PropertyValueSpecification","valueRequired":true,"valueName":"search_term_string"}}],"inLanguage":"pt-PT"},{"@type":"Organization","@id":"https:\/\/www.hotelfarol.pt\/pt\/#organization","name":"Hotel Farol","url":"https:\/\/www.hotelfarol.pt\/pt\/","logo":{"@type":"ImageObject","inLanguage":"pt-PT","@id":"https:\/\/www.hotelfarol.pt\/pt\/#\/schema\/logo\/image\/","url":"https:\/\/www.hotelfarol.pt\/pt\/wp-content\/uploads\/2020\/11\/cropped-capa-face-hotel-02-1-e1669090868239.png","contentUrl":"https:\/\/www.hotelfarol.pt\/pt\/wp-content\/uploads\/2020\/11\/cropped-capa-face-hotel-02-1-e1669090868239.png","width":150,"height":150,"caption":"Hotel Farol"},"image":{"@id":"https:\/\/www.hotelfarol.pt\/pt\/#\/schema\/logo\/image\/"}}]}},"_links":{"self":[{"href":"https:\/\/www.hotelfarol.pt\/pt\/wp-json\/wp\/v2\/pages\/23551","targetHints":{"allow":["GET"]}}],"collection":[{"href":"https:\/\/www.hotelfarol.pt\/pt\/wp-json\/wp\/v2\/pages"}],"about":[{"href":"https:\/\/www.hotelfarol.pt\/pt\/wp-json\/wp\/v2\/types\/page"}],"author":[{"embeddable":true,"href":"https:\/\/www.hotelfarol.pt\/pt\/wp-json\/wp\/v2\/users\/1"}],"replies":[{"embeddable":true,"href":"https:\/\/www.hotelfarol.pt\/pt\/wp-json\/wp\/v2\/comments?post=23551"}],"version-history":[{"count":1,"href":"https:\/\/www.hotelfarol.pt\/pt\/wp-json\/wp\/v2\/pages\/23551\/revisions"}],"predecessor-version":[{"id":23552,"href":"https:\/\/www.hotelfarol.pt\/pt\/wp-json\/wp\/v2\/pages\/23551\/revisions\/23552"}],"wp:attachment":[{"href":"https:\/\/www.hotelfarol.pt\/pt\/wp-json\/wp\/v2\/media?parent=23551"}],"curies":[{"name":"wp","href":"https:\/\/api.w.org\/{rel}","templated":true}]}}