{"id":23488,"date":"2020-10-20T00:27:11","date_gmt":"2020-10-20T00:27:11","guid":{"rendered":"https:\/\/www.hotelfarol.pt\/pt\/hallo-aveiro\/"},"modified":"2023-03-07T17:00:17","modified_gmt":"2023-03-07T17:00:17","slug":"hallo-aveiro","status":"publish","type":"page","link":"https:\/\/www.hotelfarol.pt\/pt\/hallo-aveiro\/?lang=de","title":{"rendered":"Hallo Aveiro!"},"content":{"rendered":"\t\t<div data-elementor-type=\"wp-page\" data-elementor-id=\"23488\" class=\"elementor elementor-23488 elementor-17172\">\n\t\t\t\t\t\t<section class=\"elementor-section elementor-top-section elementor-element elementor-element-64f16630 elementor-section-boxed elementor-section-height-default elementor-section-height-default\" data-id=\"64f16630\" data-element_type=\"section\">\n\t\t\t\t\t\t<div class=\"elementor-container elementor-column-gap-default\">\n\t\t\t\t\t<div class=\"elementor-column elementor-col-100 elementor-top-column elementor-element elementor-element-2ebd8bde\" data-id=\"2ebd8bde\" data-element_type=\"column\">\n\t\t\t<div class=\"elementor-widget-wrap elementor-element-populated\">\n\t\t\t\t\t\t<div class=\"elementor-element elementor-element-54403647 elementor-widget elementor-widget-text-editor\" data-id=\"54403647\" data-element_type=\"widget\" data-widget_type=\"text-editor.default\">\n\t\t\t\t<div class=\"elementor-widget-container\">\n\t\t\t\t\t\t\t\t\t\n<h2>Besondere Angebote<\/h2>\n<p>F\u00fcr Sie entworfen!<\/p>\n<h3>New York City Wochenendausflug<\/h3>\n<p>Gestalten Sie Ihr eigenes Wochenende mit unserem exklusiven New York City Weekend Getaway, bei dem Sie bis zu 20 % sparen k\u00f6nnen, wenn Ihr Aufenthalt ein Wochenende umfasst.<\/p>\n<p>Zu den Highlights geh\u00f6ren:<\/p>\n<ul>\n<li>Bis zu 20% Ersparnis<\/li>\n<li>Luxusunterk\u00fcnfte in Midtown Manhattan<\/li>\n<li>2 N\u00e4chte oder mehr<\/li>\n<\/ul>\n<h6><a title=\"Lesen Sie mehr \u2192\" href=\"#\" target=\"_self\" rel=\"noopener noreferrer\">  Mehr erfahren \u2192  <\/a><\/h6>\n<h3>Suite Escapes<\/h3>\n<p>Hoch \u00fcber der Skyline im Herzen von Midtown Manhattan gelegen, genie\u00dfen Sie einen atemberaubenden Blick auf die Stadt und bis zu 20 % Erm\u00e4\u00dfigung auf unsere Best Available Rate, zusammen mit der Mitgliedschaft in Rarities, unserem intimen Salon mit 25 Pl\u00e4tzen.<\/p>\n<ul>\n<li>Luxusunterk\u00fcnfte in Midtown Manhattan<\/li>\n<li>Wohnsitzmitgliedschaft bei Rarit\u00e4ten<\/li>\n<li>Besonderes Fr\u00fchst\u00fcck<\/li>\n<\/ul>\n<h6><a title=\"Lesen Sie mehr \u2192\" href=\"#\" target=\"_self\" rel=\"noopener noreferrer\">  Lesen Sie mehr \u2192  <\/a><\/h6>\n<h2>Alle Angebote<\/h2>\n<p>Sehen Sie sich alle unsere Angebote unten an<\/p>\n<p>F\u00fcnf-Sterne-Feier<\/p>\n<p>Nutzen Sie den Luxus von mehr. F\u00fcr eine begrenzte Zeit erhalten Sie ein kostenloses Hotelguthaben in H\u00f6he von 100 $, wenn Sie einen Aufenthalt im Baccarat Hotel New York buchen.<\/p>\n<h6>Das Paket enth\u00e4lt:<\/h6>\n<ul>\n<li>Luxuri\u00f6se Unterk\u00fcnfte<\/li>\n<li>$100 Hotelguthaben<\/li>\n<li>Kostenloses WiFi f\u00fcr die Dauer Ihres Aufenthalts<\/li>\n<\/ul>\n<h6>Aktionscode: S4B<\/h6>\n<p>Ein Aktionscode ist die dreistellige Abk\u00fcrzung f\u00fcr den von Ihnen gew\u00e4hlten Sondertarif. Jede Werbeaktion oder jedes Angebot ist mit einem eindeutigen Code verbunden.<\/p>\n<p>Ganz gleich, wie Sie Ihre Reise verbringen m\u00f6chten, beginnen Sie jeden Tag mit einer herzhaften Mahlzeit, um Ihren Morgen zu beginnen. Genie\u00dfen Sie an jedem Tag Ihres Aufenthalts ein Fr\u00fchst\u00fcck f\u00fcr zwei Personen bei uns.<\/p>\n<h6>Reservierungen:<\/h6>\n<p>Vergewissern Sie sich, dass bei der Online-Reservierung im Feld Corporate\/Promotion Code der Promotion-Code S4B angegeben ist, oder rufen Sie in den USA unter der Nummer 1-800-228-9290 an und fragen Sie nach dem Promotion-Code S4B. F\u00fcr geb\u00fchrenfreie Nummern au\u00dferhalb der USA klicken Sie bitte hier.<\/p>\n<h6>Bedingungen und Konditionen:<\/h6>\n<p>G\u00fcltig an sieben Tagen in der Woche bis 31.12.18. Inklusive Fr\u00fchst\u00fcck im Hotelrestaurant f\u00fcr bis zu zwei Erwachsene und Kinder bis 12 Jahre, die im selben Zimmer untergebracht sind. Wenn Sie eine Vorauszahlung geleistet haben, behalten wir Ihre Vorauszahlung ganz oder teilweise ein. Wenn nicht, wird Ihre Kreditkarte belastet. Diese Geb\u00fchr entspricht einer Nacht Ihres Zimmerpreises (f\u00fcr die erste Nacht Ihrer Reservierung). F\u00fcr diese Aktion steht eine begrenzte Anzahl von Zimmern zur Verf\u00fcgung. Die Steuer ist zus\u00e4tzlich. Das Angebot gilt nicht f\u00fcr Gruppen von 10 oder mehr Zimmern. Das Angebot kann nicht mit anderen Werbeaktionen kombiniert werden. Es k\u00f6nnen Sperrzeiten gelten. Voranmeldung erforderlich. Es gelten weitere Einschr\u00e4nkungen. Die Preise verstehen sich pro Zimmer und pro Nacht und basieren auf der Verf\u00fcgbarkeit zum Zeitpunkt der Reservierung.<\/p>\n<p>Grenzenloser Luxus<\/p>\n<p>Nutzen Sie den Luxus von mehr. F\u00fcr eine begrenzte Zeit erhalten Sie ein kostenloses Hotelguthaben in H\u00f6he von 100 $, wenn Sie Ihren Aufenthalt im Baccarat Hotel New York buchen.<\/p>\n<h6>Das Paket enth\u00e4lt:<\/h6>\n<ul>\n<li>Luxuri\u00f6se Unterk\u00fcnfte<\/li>\n<li>$100 Hotelguthaben<\/li>\n<li>Kostenloses WiFi f\u00fcr die Dauer Ihres Aufenthalts<\/li>\n<\/ul>\n<h6>Aktionscode: S4B<\/h6>\n<p>Ein Aktionscode ist die dreistellige Abk\u00fcrzung f\u00fcr den von Ihnen gew\u00e4hlten Sondertarif. Unabh\u00e4ngig davon, wie Sie Ihre Reise verbringen m\u00f6chten, sollten Sie jeden Tag mit einer herzhaften Mahlzeit beginnen, um den Tag mit einem guten Gef\u00fchl zu beginnen. Genie\u00dfen Sie an jedem Tag Ihres Aufenthalts ein Fr\u00fchst\u00fcck f\u00fcr zwei Personen, das wir f\u00fcr Sie zubereiten.<\/p>\n<h6>Reservierungen:<\/h6>\n<p>Vergewissern Sie sich, dass bei der Online-Reservierung im Feld Corporate\/Promotion Code der Promotion-Code S4B angegeben ist, oder rufen Sie in den USA unter der Nummer 1-800-228-9290 an und fragen Sie nach dem Promotion-Code S4B. F\u00fcr geb\u00fchrenfreie Nummern au\u00dferhalb der USA klicken Sie bitte hier.<\/p>\n<h6>Bedingungen und Konditionen:<\/h6>\n<p>G\u00fcltig an sieben Tagen in der Woche bis 31.12.18. Inklusive Fr\u00fchst\u00fcck im Hotelrestaurant f\u00fcr bis zu zwei Erwachsene und Kinder bis 12 Jahre, die im selben Zimmer untergebracht sind. Wenn Sie eine Vorauszahlung geleistet haben, behalten wir Ihre Vorauszahlung ganz oder teilweise ein. Wenn nicht, wird Ihre Kreditkarte belastet. Diese Geb\u00fchr entspricht einer Nacht Ihres Zimmerpreises (f\u00fcr die erste Nacht Ihrer Reservierung). F\u00fcr diese Aktion steht eine begrenzte Anzahl von Zimmern zur Verf\u00fcgung. Die Steuer ist zus\u00e4tzlich. Das Angebot gilt nicht f\u00fcr Gruppen von 10 oder mehr Zimmern. Das Angebot kann nicht mit anderen Werbeaktionen kombiniert werden. Es k\u00f6nnen Sperrzeiten gelten. Voranmeldung erforderlich. Es gelten weitere Einschr\u00e4nkungen. Die Preise verstehen sich pro Zimmer und pro Nacht und basieren auf der Verf\u00fcgbarkeit zum Zeitpunkt der Reservierung.<\/p>\n<p>Beginnen Sie Ihren Tag sonnig<\/p>\n<p>Nutzen Sie den Luxus von mehr. F\u00fcr eine begrenzte Zeit erhalten Sie ein kostenloses Hotelguthaben in H\u00f6he von 100 $, wenn Sie Ihren Aufenthalt im Baccarat Hotel New York buchen.<\/p>\n<h6>Das Paket enth\u00e4lt:<\/h6>\n<ul>\n<li>Luxuri\u00f6se Unterk\u00fcnfte<\/li>\n<li>$100 Hotelguthaben<\/li>\n<li>Kostenloses WiFi f\u00fcr die Dauer Ihres Aufenthalts<\/li>\n<\/ul>\n<h6>Aktionscode: S4B<\/h6>\n<p>Ein Aktionscode ist die dreistellige Abk\u00fcrzung f\u00fcr den von Ihnen gew\u00e4hlten Sondertarif. Jede Werbeaktion oder jedes Angebot ist mit einem eindeutigen Code verbunden.<\/p>\n<p>Ganz gleich, wie Sie Ihre Reise verbringen m\u00f6chten, beginnen Sie jeden Tag mit einer herzhaften Mahlzeit, um Ihren Morgen zu beginnen. Genie\u00dfen Sie an jedem Tag Ihres Aufenthalts ein Fr\u00fchst\u00fcck f\u00fcr zwei Personen, das wir f\u00fcr Sie zubereiten.<\/p>\n<h6>Reservierungen:<\/h6>\n<p>Vergewissern Sie sich, dass bei Ihrer Online-Reservierung im Feld Corporate\/Promotion Code der Promotionscode S4B erscheint, oder rufen Sie in den USA unter 1-800-228-9290 an und fragen Sie nach dem Promotionscode S4B. F\u00fcr geb\u00fchrenfreie Nummern au\u00dferhalb der USA klicken Sie bitte hier.<\/p>\n<h6>Bedingungen und Konditionen:<\/h6>\n<p>G\u00fcltig an sieben Tagen in der Woche bis 31.12.18. Inklusive Fr\u00fchst\u00fcck im Hotelrestaurant f\u00fcr bis zu zwei Erwachsene und Kinder bis 12 Jahre, die im selben Zimmer untergebracht sind. Wenn Sie eine Vorauszahlung geleistet haben, behalten wir Ihre Vorauszahlung ganz oder teilweise ein. Wenn nicht, wird Ihre Kreditkarte belastet. Diese Geb\u00fchr entspricht einer Nacht Ihres Zimmerpreises (f\u00fcr die erste Nacht Ihrer Reservierung). F\u00fcr diese Aktion steht eine begrenzte Anzahl von Zimmern zur Verf\u00fcgung. Die Steuer ist zus\u00e4tzlich. Das Angebot gilt nicht f\u00fcr Gruppen von 10 oder mehr Zimmern. Das Angebot kann nicht mit anderen Werbeaktionen kombiniert werden. Es k\u00f6nnen Sperrzeiten gelten. Voranmeldung erforderlich. Es gelten weitere Einschr\u00e4nkungen. Die Preise verstehen sich pro Zimmer und pro Nacht und basieren auf der Verf\u00fcgbarkeit zum Zeitpunkt der Reservierung.<\/p>\n<p>Sind wir schon da?<\/p>\n<p>Nutzen Sie den Luxus von mehr. F\u00fcr eine begrenzte Zeit erhalten Sie ein kostenloses Hotelguthaben in H\u00f6he von 100 $, wenn Sie einen Aufenthalt im Baccarat Hotel New York buchen.<\/p>\n<h6>Das Paket enth\u00e4lt:<\/h6>\n<ul>\n<li>Luxuri\u00f6se Unterk\u00fcnfte<\/li>\n<li>$100 Hotelguthaben<\/li>\n<li>Kostenloses WiFi f\u00fcr die Dauer Ihres Aufenthalts<\/li>\n<\/ul>\n<h6>Aktionscode: S4B<\/h6>\n<p>Ein Aktionscode ist die dreistellige Abk\u00fcrzung f\u00fcr den von Ihnen gew\u00e4hlten Sondertarif. Jede Werbeaktion oder jedes Angebot ist mit einem eindeutigen Code verbunden.<\/p>\n<p>Ganz gleich, wie Sie Ihre Reise verbringen m\u00f6chten, beginnen Sie jeden Tag mit einer herzhaften Mahlzeit, um Ihren Morgen zu beginnen. Genie\u00dfen Sie an jedem Tag Ihres Aufenthalts ein Fr\u00fchst\u00fcck f\u00fcr zwei Personen, das wir f\u00fcr Sie zubereiten.<\/p>\n<h6>Reservierungen:<\/h6>\n<p>Vergewissern Sie sich, dass bei der Online-Reservierung im Feld Corporate\/Promotion Code der Promotion-Code S4B angegeben ist, oder rufen Sie in den USA unter der Nummer 1-800-228-9290 an und fragen Sie nach dem Promotion-Code S4B. F\u00fcr geb\u00fchrenfreie Nummern au\u00dferhalb der USA klicken Sie bitte hier.<\/p>\n<h6>Bedingungen und Konditionen:<\/h6>\n<p>G\u00fcltig an sieben Tagen in der Woche bis 31.12.18. Inklusive Fr\u00fchst\u00fcck im Hotelrestaurant f\u00fcr bis zu zwei Erwachsene und Kinder bis 12 Jahre, die im selben Zimmer untergebracht sind. Wenn Sie eine Vorauszahlung geleistet haben, behalten wir Ihre Vorauszahlung ganz oder teilweise ein. Wenn nicht, wird Ihre Kreditkarte belastet. Diese Geb\u00fchr entspricht einer Nacht Ihres Zimmerpreises (f\u00fcr die erste Nacht Ihrer Reservierung). F\u00fcr diese Aktion steht eine begrenzte Anzahl von Zimmern zur Verf\u00fcgung. Die Steuer ist zus\u00e4tzlich. Das Angebot gilt nicht f\u00fcr Gruppen von 10 oder mehr Zimmern. Das Angebot kann nicht mit anderen Werbeaktionen kombiniert werden. Es k\u00f6nnen Sperrzeiten gelten. Voranmeldung erforderlich. Es gelten weitere Einschr\u00e4nkungen. Die Preise verstehen sich pro Zimmer und pro Nacht und basieren auf der Verf\u00fcgbarkeit zum Zeitpunkt der Reservierung.<\/p>\n<p>Luxussuite Tr\u00e4ume<\/p>\n<p>Nutzen Sie den Luxus von mehr. F\u00fcr eine begrenzte Zeit erhalten Sie ein kostenloses Hotelguthaben in H\u00f6he von 100 $, wenn Sie Ihren Aufenthalt im Baccarat Hotel New York buchen.<\/p>\n<h6>Das Paket enth\u00e4lt:<\/h6>\n<ul>\n<li>Luxuri\u00f6se Unterk\u00fcnfte<\/li>\n<li>$100 Hotelguthaben<\/li>\n<li>Kostenloses WiFi f\u00fcr die Dauer Ihres Aufenthalts<\/li>\n<\/ul>\n<h6>Aktionscode: S4B<\/h6>\n<p>Ein Aktionscode ist die dreistellige Abk\u00fcrzung f\u00fcr den von Ihnen gew\u00e4hlten Sondertarif. Jede Werbeaktion oder jedes Angebot ist mit einem eindeutigen Code verbunden.<\/p>\n<p>Ganz gleich, wie Sie Ihre Reise verbringen m\u00f6chten, beginnen Sie jeden Tag mit einer herzhaften Mahlzeit, um Ihren Morgen zu beginnen. Genie\u00dfen Sie an jedem Tag Ihres Aufenthalts ein Fr\u00fchst\u00fcck f\u00fcr zwei Personen, das wir f\u00fcr Sie zubereiten.<\/p>\n<h6>Reservierungen:<\/h6>\n<p>Vergewissern Sie sich, dass bei der Online-Reservierung im Feld Corporate\/Promotion Code der Promotion-Code S4B angegeben ist, oder rufen Sie in den USA unter der Nummer 1-800-228-9290 an und fragen Sie nach dem Promotion-Code S4B. F\u00fcr geb\u00fchrenfreie Nummern au\u00dferhalb der USA klicken Sie bitte hier.<\/p>\n<h6>Bedingungen und Konditionen:<\/h6>\n<p>G\u00fcltig an sieben Tagen in der Woche bis 31.12.18. Inklusive Fr\u00fchst\u00fcck im Hotelrestaurant f\u00fcr bis zu zwei Erwachsene und Kinder bis 12 Jahre, die im selben Zimmer untergebracht sind. Wenn Sie eine Vorauszahlung geleistet haben, behalten wir Ihre Vorauszahlung ganz oder teilweise ein. Wenn nicht, wird Ihre Kreditkarte belastet. Diese Geb\u00fchr entspricht einer Nacht Ihres Zimmerpreises (f\u00fcr die erste Nacht Ihrer Reservierung). F\u00fcr diese Aktion steht eine begrenzte Anzahl von Zimmern zur Verf\u00fcgung. Die Steuer ist zus\u00e4tzlich. Das Angebot gilt nicht f\u00fcr Gruppen von 10 oder mehr Zimmern. Das Angebot kann nicht mit anderen Werbeaktionen kombiniert werden. Es k\u00f6nnen Sperrzeiten gelten. Voranmeldung erforderlich. Es gelten weitere Einschr\u00e4nkungen. Die Preise verstehen sich pro Zimmer und pro Nacht und basieren auf der Verf\u00fcgbarkeit zum Zeitpunkt der Reservierung.<\/p>\n<p>Paket f\u00fcr Einwohner der VAE und des GCC<\/p>\n<p>Nutzen Sie den Luxus von mehr. F\u00fcr eine begrenzte Zeit erhalten Sie ein Hotelguthaben in H\u00f6he von $100, wenn Sie Ihren Aufenthalt im Baccarat Hotel New York buchen.<\/p>\n<h6>Das Paket enth\u00e4lt:<\/h6>\n<ul>\n<li>Luxuri\u00f6se Unterk\u00fcnfte<\/li>\n<li>$100 Hotelguthaben<\/li>\n<li>Kostenloses WiFi f\u00fcr die Dauer Ihres Aufenthalts<\/li>\n<\/ul>\n<h6>Aktionscode: S4B<\/h6>\n<p>Ein Aktionscode ist die dreistellige Abk\u00fcrzung f\u00fcr den von Ihnen gew\u00e4hlten Sondertarif. Jede Werbeaktion oder jedes Angebot ist mit einem eindeutigen Code verbunden.<\/p>\n<p>Ganz gleich, wie Sie Ihre Reise verbringen m\u00f6chten, beginnen Sie jeden Tag mit einer herzhaften Mahlzeit, um Ihren Morgen zu beginnen. Genie\u00dfen Sie an jedem Tag Ihres Aufenthalts ein Fr\u00fchst\u00fcck f\u00fcr zwei Personen, das wir f\u00fcr Sie zubereiten.<\/p>\n<h6>Reservierungen:<\/h6>\n<p>Vergewissern Sie sich, dass bei der Online-Reservierung im Feld Corporate\/Promotion Code der Promotion-Code S4B angegeben ist, oder rufen Sie in den USA unter der Nummer 1-800-228-9290 an und fragen Sie nach dem Promotion-Code S4B. F\u00fcr geb\u00fchrenfreie Nummern au\u00dferhalb der USA klicken Sie bitte hier.<\/p>\n<h6>Bedingungen und Konditionen:<\/h6>\n<p>G\u00fcltig an sieben Tagen in der Woche bis 31.12.18. Inklusive Fr\u00fchst\u00fcck im Hotelrestaurant f\u00fcr bis zu zwei Erwachsene und Kinder bis 12 Jahre, die im selben Zimmer untergebracht sind. Wenn Sie eine Vorauszahlung geleistet haben, behalten wir Ihre Vorauszahlung ganz oder teilweise ein. Wenn nicht, wird Ihre Kreditkarte belastet. Diese Geb\u00fchr entspricht einer Nacht Ihres Zimmerpreises (f\u00fcr die erste Nacht Ihrer Reservierung). F\u00fcr diese Aktion steht eine begrenzte Anzahl von Zimmern zur Verf\u00fcgung. Die Steuer ist zus\u00e4tzlich. Das Angebot gilt nicht f\u00fcr Gruppen von 10 oder mehr Zimmern. Das Angebot kann nicht mit anderen Werbeaktionen kombiniert werden. Es k\u00f6nnen Sperrzeiten gelten. Voranmeldung erforderlich. Es gelten weitere Einschr\u00e4nkungen. Die Preise verstehen sich pro Zimmer und pro Nacht und basieren auf der Verf\u00fcgbarkeit zum Zeitpunkt der Reservierung.<\/p>\n\t\t\t\t\t\t\t\t<\/div>\n\t\t\t\t<\/div>\n\t\t\t\t\t<\/div>\n\t\t<\/div>\n\t\t\t\t\t<\/div>\n\t\t<\/section>\n\t\t\t\t<\/div>\n\t\t","protected":false},"excerpt":{"rendered":"<p>Besondere Angebote F\u00fcr Sie entworfen! New York City Wochenendausflug Gestalten Sie Ihr eigenes Wochenende mit unserem exklusiven New York City Weekend Getaway, bei dem Sie bis zu 20 % sparen&#8230;<\/p>\n","protected":false},"author":1,"featured_media":0,"parent":0,"menu_order":0,"comment_status":"closed","ping_status":"closed","template":"","meta":{"inline_featured_image":false,"_price":"","_stock":"","_tribe_ticket_header":"","_tribe_default_ticket_provider":"","_tribe_ticket_capacity":"0","_ticket_start_date":"","_ticket_end_date":"","_tribe_ticket_show_description":"","_tribe_ticket_show_not_going":false,"_tribe_ticket_use_global_stock":"","_tribe_ticket_global_stock_level":"","_global_stock_mode":"","_global_stock_cap":"","_tribe_rsvp_for_event":"","_tribe_ticket_going_count":"","_tribe_ticket_not_going_count":"","_tribe_tickets_list":"[]","_tribe_ticket_has_attendee_info_fields":false,"footnotes":""},"class_list":["post-23488","page","type-page","status-publish","hentry"],"yoast_head":"<!-- This site is optimized with the Yoast SEO plugin v26.5 - https:\/\/yoast.com\/wordpress\/plugins\/seo\/ -->\n<title>Hallo Aveiro! - Hotel Farol<\/title>\n<meta name=\"robots\" content=\"index, follow, max-snippet:-1, max-image-preview:large, max-video-preview:-1\" \/>\n<link rel=\"canonical\" href=\"https:\/\/www.hotelfarol.pt\/pt\/hallo-aveiro\/\" \/>\n<meta property=\"og:locale\" content=\"pt_PT\" \/>\n<meta property=\"og:type\" content=\"article\" \/>\n<meta property=\"og:title\" content=\"Hallo Aveiro! - Hotel Farol\" \/>\n<meta property=\"og:description\" content=\"Besondere Angebote F\u00fcr Sie entworfen! New York City Wochenendausflug Gestalten Sie Ihr eigenes Wochenende mit unserem exklusiven New York City Weekend Getaway, bei dem Sie bis zu 20 % sparen...\" \/>\n<meta property=\"og:url\" content=\"https:\/\/www.hotelfarol.pt\/pt\/hallo-aveiro\/?lang=de\" \/>\n<meta property=\"og:site_name\" content=\"Hotel Farol\" \/>\n<meta property=\"article:modified_time\" content=\"2023-03-07T17:00:17+00:00\" \/>\n<meta name=\"twitter:card\" content=\"summary_large_image\" \/>\n<meta name=\"twitter:label1\" content=\"Tempo estimado de leitura\" \/>\n\t<meta name=\"twitter:data1\" content=\"10 minutos\" \/>\n<script type=\"application\/ld+json\" class=\"yoast-schema-graph\">{\"@context\":\"https:\/\/schema.org\",\"@graph\":[{\"@type\":\"WebPage\",\"@id\":\"https:\/\/www.hotelfarol.pt\/pt\/hallo-aveiro\/?lang=de\",\"url\":\"https:\/\/www.hotelfarol.pt\/pt\/hallo-aveiro\/?lang=de\",\"name\":\"Hallo Aveiro! - Hotel Farol\",\"isPartOf\":{\"@id\":\"https:\/\/www.hotelfarol.pt\/pt\/#website\"},\"datePublished\":\"2020-10-20T00:27:11+00:00\",\"dateModified\":\"2023-03-07T17:00:17+00:00\",\"breadcrumb\":{\"@id\":\"https:\/\/www.hotelfarol.pt\/pt\/hallo-aveiro\/?lang=de#breadcrumb\"},\"inLanguage\":\"pt-PT\",\"potentialAction\":[{\"@type\":\"ReadAction\",\"target\":[\"https:\/\/www.hotelfarol.pt\/pt\/hallo-aveiro\/?lang=de\"]}]},{\"@type\":\"BreadcrumbList\",\"@id\":\"https:\/\/www.hotelfarol.pt\/pt\/hallo-aveiro\/?lang=de#breadcrumb\",\"itemListElement\":[{\"@type\":\"ListItem\",\"position\":1,\"name\":\"Home\",\"item\":\"https:\/\/www.hotelfarol.pt\/pt\/\"},{\"@type\":\"ListItem\",\"position\":2,\"name\":\"Hallo Aveiro!\"}]},{\"@type\":\"WebSite\",\"@id\":\"https:\/\/www.hotelfarol.pt\/pt\/#website\",\"url\":\"https:\/\/www.hotelfarol.pt\/pt\/\",\"name\":\"Hotel Farol\",\"description\":\"\",\"publisher\":{\"@id\":\"https:\/\/www.hotelfarol.pt\/pt\/#organization\"},\"potentialAction\":[{\"@type\":\"SearchAction\",\"target\":{\"@type\":\"EntryPoint\",\"urlTemplate\":\"https:\/\/www.hotelfarol.pt\/pt\/?s={search_term_string}\"},\"query-input\":{\"@type\":\"PropertyValueSpecification\",\"valueRequired\":true,\"valueName\":\"search_term_string\"}}],\"inLanguage\":\"pt-PT\"},{\"@type\":\"Organization\",\"@id\":\"https:\/\/www.hotelfarol.pt\/pt\/#organization\",\"name\":\"Hotel Farol\",\"url\":\"https:\/\/www.hotelfarol.pt\/pt\/\",\"logo\":{\"@type\":\"ImageObject\",\"inLanguage\":\"pt-PT\",\"@id\":\"https:\/\/www.hotelfarol.pt\/pt\/#\/schema\/logo\/image\/\",\"url\":\"https:\/\/www.hotelfarol.pt\/pt\/wp-content\/uploads\/2020\/11\/cropped-capa-face-hotel-02-1-e1669090868239.png\",\"contentUrl\":\"https:\/\/www.hotelfarol.pt\/pt\/wp-content\/uploads\/2020\/11\/cropped-capa-face-hotel-02-1-e1669090868239.png\",\"width\":150,\"height\":150,\"caption\":\"Hotel Farol\"},\"image\":{\"@id\":\"https:\/\/www.hotelfarol.pt\/pt\/#\/schema\/logo\/image\/\"}}]}<\/script>\n<!-- \/ Yoast SEO plugin. -->","yoast_head_json":{"title":"Hallo Aveiro! - Hotel Farol","robots":{"index":"index","follow":"follow","max-snippet":"max-snippet:-1","max-image-preview":"max-image-preview:large","max-video-preview":"max-video-preview:-1"},"canonical":"https:\/\/www.hotelfarol.pt\/pt\/hallo-aveiro\/","og_locale":"pt_PT","og_type":"article","og_title":"Hallo Aveiro! - Hotel Farol","og_description":"Besondere Angebote F\u00fcr Sie entworfen! New York City Wochenendausflug Gestalten Sie Ihr eigenes Wochenende mit unserem exklusiven New York City Weekend Getaway, bei dem Sie bis zu 20 % sparen...","og_url":"https:\/\/www.hotelfarol.pt\/pt\/hallo-aveiro\/?lang=de","og_site_name":"Hotel Farol","article_modified_time":"2023-03-07T17:00:17+00:00","twitter_card":"summary_large_image","twitter_misc":{"Tempo estimado de leitura":"10 minutos"},"schema":{"@context":"https:\/\/schema.org","@graph":[{"@type":"WebPage","@id":"https:\/\/www.hotelfarol.pt\/pt\/hallo-aveiro\/?lang=de","url":"https:\/\/www.hotelfarol.pt\/pt\/hallo-aveiro\/?lang=de","name":"Hallo Aveiro! - Hotel Farol","isPartOf":{"@id":"https:\/\/www.hotelfarol.pt\/pt\/#website"},"datePublished":"2020-10-20T00:27:11+00:00","dateModified":"2023-03-07T17:00:17+00:00","breadcrumb":{"@id":"https:\/\/www.hotelfarol.pt\/pt\/hallo-aveiro\/?lang=de#breadcrumb"},"inLanguage":"pt-PT","potentialAction":[{"@type":"ReadAction","target":["https:\/\/www.hotelfarol.pt\/pt\/hallo-aveiro\/?lang=de"]}]},{"@type":"BreadcrumbList","@id":"https:\/\/www.hotelfarol.pt\/pt\/hallo-aveiro\/?lang=de#breadcrumb","itemListElement":[{"@type":"ListItem","position":1,"name":"Home","item":"https:\/\/www.hotelfarol.pt\/pt\/"},{"@type":"ListItem","position":2,"name":"Hallo Aveiro!"}]},{"@type":"WebSite","@id":"https:\/\/www.hotelfarol.pt\/pt\/#website","url":"https:\/\/www.hotelfarol.pt\/pt\/","name":"Hotel Farol","description":"","publisher":{"@id":"https:\/\/www.hotelfarol.pt\/pt\/#organization"},"potentialAction":[{"@type":"SearchAction","target":{"@type":"EntryPoint","urlTemplate":"https:\/\/www.hotelfarol.pt\/pt\/?s={search_term_string}"},"query-input":{"@type":"PropertyValueSpecification","valueRequired":true,"valueName":"search_term_string"}}],"inLanguage":"pt-PT"},{"@type":"Organization","@id":"https:\/\/www.hotelfarol.pt\/pt\/#organization","name":"Hotel Farol","url":"https:\/\/www.hotelfarol.pt\/pt\/","logo":{"@type":"ImageObject","inLanguage":"pt-PT","@id":"https:\/\/www.hotelfarol.pt\/pt\/#\/schema\/logo\/image\/","url":"https:\/\/www.hotelfarol.pt\/pt\/wp-content\/uploads\/2020\/11\/cropped-capa-face-hotel-02-1-e1669090868239.png","contentUrl":"https:\/\/www.hotelfarol.pt\/pt\/wp-content\/uploads\/2020\/11\/cropped-capa-face-hotel-02-1-e1669090868239.png","width":150,"height":150,"caption":"Hotel Farol"},"image":{"@id":"https:\/\/www.hotelfarol.pt\/pt\/#\/schema\/logo\/image\/"}}]}},"_links":{"self":[{"href":"https:\/\/www.hotelfarol.pt\/pt\/wp-json\/wp\/v2\/pages\/23488","targetHints":{"allow":["GET"]}}],"collection":[{"href":"https:\/\/www.hotelfarol.pt\/pt\/wp-json\/wp\/v2\/pages"}],"about":[{"href":"https:\/\/www.hotelfarol.pt\/pt\/wp-json\/wp\/v2\/types\/page"}],"author":[{"embeddable":true,"href":"https:\/\/www.hotelfarol.pt\/pt\/wp-json\/wp\/v2\/users\/1"}],"replies":[{"embeddable":true,"href":"https:\/\/www.hotelfarol.pt\/pt\/wp-json\/wp\/v2\/comments?post=23488"}],"version-history":[{"count":2,"href":"https:\/\/www.hotelfarol.pt\/pt\/wp-json\/wp\/v2\/pages\/23488\/revisions"}],"predecessor-version":[{"id":23490,"href":"https:\/\/www.hotelfarol.pt\/pt\/wp-json\/wp\/v2\/pages\/23488\/revisions\/23490"}],"wp:attachment":[{"href":"https:\/\/www.hotelfarol.pt\/pt\/wp-json\/wp\/v2\/media?parent=23488"}],"curies":[{"name":"wp","href":"https:\/\/api.w.org\/{rel}","templated":true}]}}