{"id":23328,"date":"2020-11-15T15:11:04","date_gmt":"2020-11-15T15:11:04","guid":{"rendered":"https:\/\/www.hotelfarol.pt\/pt\/management-politik\/"},"modified":"2023-03-07T15:17:21","modified_gmt":"2023-03-07T15:17:21","slug":"management-politik","status":"publish","type":"page","link":"https:\/\/www.hotelfarol.pt\/pt\/management-politik\/?lang=de","title":{"rendered":"Management-Politik"},"content":{"rendered":"<div class=\"vgblk-rw-wrapper limit-wrapper\"><div class=\"content-with-padding post-501 page type-page status-publish hentry\">\n<div class=\"the-content\">\n<p style=\"text-align: justify;\">Die F\u00e4higkeit, auf die Bed\u00fcrfnisse seiner Kunden einzugehen und sie zu verstehen, damit die Dienstleistungen auf ihre Erwartungen zugeschnitten sind, wird das Wachstum und die Nachhaltigkeit der wirtschaftlichen Ergebnisse des Hotels Farol bestimmen.<\/p>\n<p style=\"text-align: justify;\">Die Einf\u00fchrung eines Managementsystems, das sich an den Grunds\u00e4tzen der ISO 9001-Normenfamilie und an guten Praktiken im Bereich der Lebensmittelsicherheit und des Umweltschutzes orientiert, wird wesentlich zur Verbesserung der Leistungsf\u00e4higkeit der Organisation und des Unternehmens in Bezug auf Effizienz und Effektivit\u00e4t beitragen.<\/p>\n<p style=\"text-align: justify;\">Die systematische Entwicklung der technischen und beruflichen F\u00e4higkeiten interner und externer Mitarbeiter durch Kompetenzentwicklungsprozesse wird die Kapazit\u00e4t von Marques Portela &amp; Filhos, Lda. bestimmen. &#8211; Das Lighthouse Hotel soll eine Referenz f\u00fcr Exzellenz sein.<\/p>\n<p style=\"text-align: justify;\">Die Einhaltung der gesetzlichen Vorschriften, sei es in Bezug auf Lebensmittelsicherheit, Umwelt oder Arbeitsbedingungen, macht das Hotel Farol zu einem Unternehmen mit sozialer Verantwortung.<\/p>\n<\/div>\n<\/div>\n\n<p><\/p>\n<\/div><!-- .vgblk-rw-wrapper -->","protected":false},"excerpt":{"rendered":"<p>Die F\u00e4higkeit, auf die Bed\u00fcrfnisse seiner Kunden einzugehen und sie zu verstehen, damit die Dienstleistungen auf ihre Erwartungen zugeschnitten sind, wird das Wachstum und die Nachhaltigkeit der wirtschaftlichen Ergebnisse des&#8230;<\/p>\n","protected":false},"author":1,"featured_media":0,"parent":0,"menu_order":0,"comment_status":"closed","ping_status":"closed","template":"","meta":{"inline_featured_image":false,"_price":"","_stock":"","_tribe_ticket_header":"","_tribe_default_ticket_provider":"","_tribe_ticket_capacity":"0","_ticket_start_date":"","_ticket_end_date":"","_tribe_ticket_show_description":"","_tribe_ticket_show_not_going":false,"_tribe_ticket_use_global_stock":"","_tribe_ticket_global_stock_level":"","_global_stock_mode":"","_global_stock_cap":"","_tribe_rsvp_for_event":"","_tribe_ticket_going_count":"","_tribe_ticket_not_going_count":"","_tribe_tickets_list":"[]","_tribe_ticket_has_attendee_info_fields":false,"footnotes":""},"class_list":["post-23328","page","type-page","status-publish","hentry"],"yoast_head":"<!-- This site is optimized with the Yoast SEO plugin v26.5 - https:\/\/yoast.com\/wordpress\/plugins\/seo\/ -->\n<title>Management-Politik - Hotel Farol<\/title>\n<meta name=\"robots\" content=\"index, follow, max-snippet:-1, max-image-preview:large, max-video-preview:-1\" \/>\n<link rel=\"canonical\" href=\"https:\/\/www.hotelfarol.pt\/pt\/management-politik\/\" \/>\n<meta property=\"og:locale\" content=\"pt_PT\" \/>\n<meta property=\"og:type\" content=\"article\" \/>\n<meta property=\"og:title\" content=\"Management-Politik - Hotel Farol\" \/>\n<meta property=\"og:description\" content=\"Die F\u00e4higkeit, auf die Bed\u00fcrfnisse seiner Kunden einzugehen und sie zu verstehen, damit die Dienstleistungen auf ihre Erwartungen zugeschnitten sind, wird das Wachstum und die Nachhaltigkeit der wirtschaftlichen Ergebnisse des...\" \/>\n<meta property=\"og:url\" content=\"https:\/\/www.hotelfarol.pt\/pt\/management-politik\/?lang=de\" \/>\n<meta property=\"og:site_name\" content=\"Hotel Farol\" \/>\n<meta property=\"article:modified_time\" content=\"2023-03-07T15:17:21+00:00\" \/>\n<meta name=\"twitter:card\" content=\"summary_large_image\" \/>\n<meta name=\"twitter:label1\" content=\"Tempo estimado de leitura\" \/>\n\t<meta name=\"twitter:data1\" content=\"1 minuto\" \/>\n<script type=\"application\/ld+json\" class=\"yoast-schema-graph\">{\"@context\":\"https:\/\/schema.org\",\"@graph\":[{\"@type\":\"WebPage\",\"@id\":\"https:\/\/www.hotelfarol.pt\/pt\/management-politik\/?lang=de\",\"url\":\"https:\/\/www.hotelfarol.pt\/pt\/management-politik\/?lang=de\",\"name\":\"Management-Politik - Hotel Farol\",\"isPartOf\":{\"@id\":\"https:\/\/www.hotelfarol.pt\/pt\/#website\"},\"datePublished\":\"2020-11-15T15:11:04+00:00\",\"dateModified\":\"2023-03-07T15:17:21+00:00\",\"breadcrumb\":{\"@id\":\"https:\/\/www.hotelfarol.pt\/pt\/management-politik\/?lang=de#breadcrumb\"},\"inLanguage\":\"pt-PT\",\"potentialAction\":[{\"@type\":\"ReadAction\",\"target\":[\"https:\/\/www.hotelfarol.pt\/pt\/management-politik\/?lang=de\"]}]},{\"@type\":\"BreadcrumbList\",\"@id\":\"https:\/\/www.hotelfarol.pt\/pt\/management-politik\/?lang=de#breadcrumb\",\"itemListElement\":[{\"@type\":\"ListItem\",\"position\":1,\"name\":\"Home\",\"item\":\"https:\/\/www.hotelfarol.pt\/pt\/\"},{\"@type\":\"ListItem\",\"position\":2,\"name\":\"Management-Politik\"}]},{\"@type\":\"WebSite\",\"@id\":\"https:\/\/www.hotelfarol.pt\/pt\/#website\",\"url\":\"https:\/\/www.hotelfarol.pt\/pt\/\",\"name\":\"Hotel Farol\",\"description\":\"\",\"publisher\":{\"@id\":\"https:\/\/www.hotelfarol.pt\/pt\/#organization\"},\"potentialAction\":[{\"@type\":\"SearchAction\",\"target\":{\"@type\":\"EntryPoint\",\"urlTemplate\":\"https:\/\/www.hotelfarol.pt\/pt\/?s={search_term_string}\"},\"query-input\":{\"@type\":\"PropertyValueSpecification\",\"valueRequired\":true,\"valueName\":\"search_term_string\"}}],\"inLanguage\":\"pt-PT\"},{\"@type\":\"Organization\",\"@id\":\"https:\/\/www.hotelfarol.pt\/pt\/#organization\",\"name\":\"Hotel Farol\",\"url\":\"https:\/\/www.hotelfarol.pt\/pt\/\",\"logo\":{\"@type\":\"ImageObject\",\"inLanguage\":\"pt-PT\",\"@id\":\"https:\/\/www.hotelfarol.pt\/pt\/#\/schema\/logo\/image\/\",\"url\":\"https:\/\/www.hotelfarol.pt\/pt\/wp-content\/uploads\/2020\/11\/cropped-capa-face-hotel-02-1-e1669090868239.png\",\"contentUrl\":\"https:\/\/www.hotelfarol.pt\/pt\/wp-content\/uploads\/2020\/11\/cropped-capa-face-hotel-02-1-e1669090868239.png\",\"width\":150,\"height\":150,\"caption\":\"Hotel Farol\"},\"image\":{\"@id\":\"https:\/\/www.hotelfarol.pt\/pt\/#\/schema\/logo\/image\/\"}}]}<\/script>\n<!-- \/ Yoast SEO plugin. -->","yoast_head_json":{"title":"Management-Politik - Hotel Farol","robots":{"index":"index","follow":"follow","max-snippet":"max-snippet:-1","max-image-preview":"max-image-preview:large","max-video-preview":"max-video-preview:-1"},"canonical":"https:\/\/www.hotelfarol.pt\/pt\/management-politik\/","og_locale":"pt_PT","og_type":"article","og_title":"Management-Politik - Hotel Farol","og_description":"Die F\u00e4higkeit, auf die Bed\u00fcrfnisse seiner Kunden einzugehen und sie zu verstehen, damit die Dienstleistungen auf ihre Erwartungen zugeschnitten sind, wird das Wachstum und die Nachhaltigkeit der wirtschaftlichen Ergebnisse des...","og_url":"https:\/\/www.hotelfarol.pt\/pt\/management-politik\/?lang=de","og_site_name":"Hotel Farol","article_modified_time":"2023-03-07T15:17:21+00:00","twitter_card":"summary_large_image","twitter_misc":{"Tempo estimado de leitura":"1 minuto"},"schema":{"@context":"https:\/\/schema.org","@graph":[{"@type":"WebPage","@id":"https:\/\/www.hotelfarol.pt\/pt\/management-politik\/?lang=de","url":"https:\/\/www.hotelfarol.pt\/pt\/management-politik\/?lang=de","name":"Management-Politik - Hotel Farol","isPartOf":{"@id":"https:\/\/www.hotelfarol.pt\/pt\/#website"},"datePublished":"2020-11-15T15:11:04+00:00","dateModified":"2023-03-07T15:17:21+00:00","breadcrumb":{"@id":"https:\/\/www.hotelfarol.pt\/pt\/management-politik\/?lang=de#breadcrumb"},"inLanguage":"pt-PT","potentialAction":[{"@type":"ReadAction","target":["https:\/\/www.hotelfarol.pt\/pt\/management-politik\/?lang=de"]}]},{"@type":"BreadcrumbList","@id":"https:\/\/www.hotelfarol.pt\/pt\/management-politik\/?lang=de#breadcrumb","itemListElement":[{"@type":"ListItem","position":1,"name":"Home","item":"https:\/\/www.hotelfarol.pt\/pt\/"},{"@type":"ListItem","position":2,"name":"Management-Politik"}]},{"@type":"WebSite","@id":"https:\/\/www.hotelfarol.pt\/pt\/#website","url":"https:\/\/www.hotelfarol.pt\/pt\/","name":"Hotel Farol","description":"","publisher":{"@id":"https:\/\/www.hotelfarol.pt\/pt\/#organization"},"potentialAction":[{"@type":"SearchAction","target":{"@type":"EntryPoint","urlTemplate":"https:\/\/www.hotelfarol.pt\/pt\/?s={search_term_string}"},"query-input":{"@type":"PropertyValueSpecification","valueRequired":true,"valueName":"search_term_string"}}],"inLanguage":"pt-PT"},{"@type":"Organization","@id":"https:\/\/www.hotelfarol.pt\/pt\/#organization","name":"Hotel Farol","url":"https:\/\/www.hotelfarol.pt\/pt\/","logo":{"@type":"ImageObject","inLanguage":"pt-PT","@id":"https:\/\/www.hotelfarol.pt\/pt\/#\/schema\/logo\/image\/","url":"https:\/\/www.hotelfarol.pt\/pt\/wp-content\/uploads\/2020\/11\/cropped-capa-face-hotel-02-1-e1669090868239.png","contentUrl":"https:\/\/www.hotelfarol.pt\/pt\/wp-content\/uploads\/2020\/11\/cropped-capa-face-hotel-02-1-e1669090868239.png","width":150,"height":150,"caption":"Hotel Farol"},"image":{"@id":"https:\/\/www.hotelfarol.pt\/pt\/#\/schema\/logo\/image\/"}}]}},"_links":{"self":[{"href":"https:\/\/www.hotelfarol.pt\/pt\/wp-json\/wp\/v2\/pages\/23328","targetHints":{"allow":["GET"]}}],"collection":[{"href":"https:\/\/www.hotelfarol.pt\/pt\/wp-json\/wp\/v2\/pages"}],"about":[{"href":"https:\/\/www.hotelfarol.pt\/pt\/wp-json\/wp\/v2\/types\/page"}],"author":[{"embeddable":true,"href":"https:\/\/www.hotelfarol.pt\/pt\/wp-json\/wp\/v2\/users\/1"}],"replies":[{"embeddable":true,"href":"https:\/\/www.hotelfarol.pt\/pt\/wp-json\/wp\/v2\/comments?post=23328"}],"version-history":[{"count":1,"href":"https:\/\/www.hotelfarol.pt\/pt\/wp-json\/wp\/v2\/pages\/23328\/revisions"}],"predecessor-version":[{"id":23329,"href":"https:\/\/www.hotelfarol.pt\/pt\/wp-json\/wp\/v2\/pages\/23328\/revisions\/23329"}],"wp:attachment":[{"href":"https:\/\/www.hotelfarol.pt\/pt\/wp-json\/wp\/v2\/media?parent=23328"}],"curies":[{"name":"wp","href":"https:\/\/api.w.org\/{rel}","templated":true}]}}